{"id":2,"date":"2020-10-13T14:32:25","date_gmt":"2020-10-13T12:32:25","guid":{"rendered":"http:\/\/groupimmo-finances.com\/?page_id=2"},"modified":"2020-10-30T11:13:57","modified_gmt":"2020-10-30T10:13:57","slug":"financement","status":"publish","type":"page","link":"https:\/\/groupimmo-finances.com\/index.php\/financement\/","title":{"rendered":"FINANCEMENT"},"content":{"rendered":"\n<p>Le service de conseils en financement est r\u00e9alis\u00e9 par un agent courtier r\u00e9f\u00e9rent du r\u00e9seau GS CREDITS.<\/p>\n\n\n\n<blockquote class=\"wp-block-quote\"><p>&#8220;Notre engagement est de transmettre toutes les informations dont un acqu\u00e9reur \u00e0 besoin pour s&#8217;engager dans un achat immobilier. En m\u00eame temps nous apportons un avis de faisabilit\u00e9 avant la signature d&#8217;un compromis pour tranquilliser vendeur et acheteur. &#8220;<\/p><cite>Jean YVES SCHOTT &#8211; GS CREDITS <\/cite><\/blockquote>\n\n\n\n<figure class=\"wp-block-image size-large\"><a href=\"http:\/\/www.gscredits.net\"><img loading=\"lazy\" width=\"140\" height=\"140\" src=\"http:\/\/groupimmo-finances.com\/wp-content\/uploads\/2020\/10\/GS-CREDITS.png\" alt=\"\" class=\"wp-image-175\" srcset=\"https:\/\/groupimmo-finances.com\/wp-content\/uploads\/2020\/10\/GS-CREDITS.png 140w, https:\/\/groupimmo-finances.com\/wp-content\/uploads\/2020\/10\/GS-CREDITS-100x100.png 100w\" sizes=\"(max-width: 140px) 100vw, 140px\" \/> <\/a> <\/figure>\n\n\n\n<p>Comment se d\u00e9roule un entretien de diagnostic de capacit\u00e9 d&#8217;emprunt<\/p>\n\n\n\n<blockquote class=\"wp-block-quote\" id=\"finances\"><p>&#8220;Depuis 2012 le service de diagnostic &#8220;GROUPIMMO FINANCES&#8221;  se d\u00e9roule \u00e0 distance, par t\u00e9l\u00e9phone ou par visio-conf\u00e9rence, ou encore en pr\u00e9sentiel \u00e9videmment . <\/p><p>D&#8217;une dur\u00e9e de 20 \u00e0 30 minutes , l&#8217;objectif de l&#8217;entretien est de permettre de mesurer la capacit\u00e9 financi\u00e8re de l&#8217;emprunteur, de  pr\u00e9senter toutes les possibilit\u00e9s de financement du projet en \u00e9largissant \u00e0 l&#8217;ensemble  des banques du march\u00e9.  Il s&#8217;agit pour le futur acqu\u00e9reur de connaitre parfaitement et r\u00e9ellement  les meilleures conditions du march\u00e9 auxquels il peut pr\u00e9tendre.  <\/p><p>L&#8217;id\u00e9e est de s&#8217;appuyer pour cela sur un r\u00e9seau de professionnels au plus proche du march\u00e9, et en qui le r\u00e9seau GROUPIMMO \u00e0 toute confiance.<\/p><cite>Jerome GARNIER &#8211; GROUPIMMO FINANCES<\/cite><\/blockquote>\n\n\n\n<figure class=\"wp-block-image size-large\"><img loading=\"lazy\" width=\"134\" height=\"70\" src=\"http:\/\/groupimmo-finances.com\/wp-content\/uploads\/2020\/10\/logo_3.1.2.png\" alt=\"\" class=\"wp-image-6\"\/><\/figure>\n","protected":false},"excerpt":{"rendered":"<p>Le service de conseils en financement est r\u00e9alis\u00e9 par un agent courtier r\u00e9f\u00e9rent du r\u00e9seau GS CREDITS. &#8220;Notre engagement est de transmettre toutes les informations dont un acqu\u00e9reur \u00e0 besoin pour s&#8217;engager dans un achat immobilier. En m\u00eame temps nous<\/p>\n","protected":false},"author":1,"featured_media":0,"parent":0,"menu_order":0,"comment_status":"closed","ping_status":"open","template":"","meta":[],"_links":{"self":[{"href":"https:\/\/groupimmo-finances.com\/index.php\/wp-json\/wp\/v2\/pages\/2"}],"collection":[{"href":"https:\/\/groupimmo-finances.com\/index.php\/wp-json\/wp\/v2\/pages"}],"about":[{"href":"https:\/\/groupimmo-finances.com\/index.php\/wp-json\/wp\/v2\/types\/page"}],"author":[{"embeddable":true,"href":"https:\/\/groupimmo-finances.com\/index.php\/wp-json\/wp\/v2\/users\/1"}],"replies":[{"embeddable":true,"href":"https:\/\/groupimmo-finances.com\/index.php\/wp-json\/wp\/v2\/comments?post=2"}],"version-history":[{"count":9,"href":"https:\/\/groupimmo-finances.com\/index.php\/wp-json\/wp\/v2\/pages\/2\/revisions"}],"predecessor-version":[{"id":683,"href":"https:\/\/groupimmo-finances.com\/index.php\/wp-json\/wp\/v2\/pages\/2\/revisions\/683"}],"wp:attachment":[{"href":"https:\/\/groupimmo-finances.com\/index.php\/wp-json\/wp\/v2\/media?parent=2"}],"curies":[{"name":"wp","href":"https:\/\/api.w.org\/{rel}","templated":true}]}}